{"id":2,"date":"2025-09-30T16:38:38","date_gmt":"2025-09-30T16:38:38","guid":{"rendered":"http:\/\/www.papy-mamy-cetait-comment.fr\/?page_id=2"},"modified":"2025-10-10T12:28:10","modified_gmt":"2025-10-10T12:28:10","slug":"mentions-legales","status":"publish","type":"page","link":"https:\/\/www.papy-mamy-cetait-comment.fr\/index.php\/mentions-legales\/","title":{"rendered":"Mentions l\u00e9gales"},"content":{"rendered":"\n<p>Le blog <em><strong>papy-mamy-cetait-comment.fr<\/strong><\/em> est un blog personnel de Paul Paboeuf pour accompagner un atelier d&rsquo;anthropologie familiale pratique, inspir\u00e9 des travaux d&rsquo;<a href=\"https:\/\/elizabeth-keating.com\/\"><em><strong>Elizabeth Keating<\/strong><\/em><\/a> (professeur d&rsquo;anthropologie \u00e0 l&rsquo;Universit\u00e9 du Texas \u00e0 Austin) et d&rsquo;<a href=\"https:\/\/shs.cairn.info\/publications-de-elsa-ramos--17035?lang=fr\"><em><strong>Elsa Ramos<\/strong><\/em><\/a> (ma\u00eetresse de conf\u00e9rence \u00e0 l&rsquo;universit\u00e9 de Paris Cit\u00e9)<\/p>\n\n\n\n<p>Toute publication engage sa responsabilit\u00e9 personnelle. Les contributions aux forums seront donc soumises \u00e0 validation.<\/p>\n\n\n\n<p>Ce blog est r\u00e9alis\u00e9 avec <strong><em><a href=\"https:\/\/fr.wordpress.org\/\"><mark style=\"background-color:rgba(0, 0, 0, 0)\" class=\"has-inline-color has-luminous-vivid-orange-color\">WordPress<\/mark><\/a><\/em><\/strong>. Th\u00e8me <strong>Twenty fifteen<\/strong>.<\/p>\n\n\n\n<p>Le site <em><strong>papy-mamy-cetait-comment.fr<\/strong><\/em> est h\u00e9berg\u00e9 par <strong><em><a href=\"https:\/\/www.ovh.com\/fr\/hebergement-web\/\"><span class=\"has-inline-color has-luminous-vivid-amber-color\">OVH<\/span><\/a><\/em><\/strong> <span class=\"has-inline-color has-luminous-vivid-orange-color\"><\/span><strong><em><span class=\"has-inline-color has-luminous-vivid-orange-color\"><\/span><\/em><\/strong>https:\/\/www.ovh.com\/fr\/hebergement-web\/<\/p>\n\n\n\n<h1 class=\"wp-block-heading\">OVH<\/h1>\n\n\n\n<p>SAS au capital de 10 069 020 \u20ac<br>RCS Lille M\u00e9tropole 424 761 419 00045<br>Code APE 2620Z<br>N\u00b0 TVA : FR 22 424 761 419<br>Si\u00e8ge social : 2 rue Kellermann &#8211; 59100 Roubaix &#8211; France<\/p>\n\n\n\n<p>T\u00e9l&nbsp;:<strong>&nbsp;05 22 26 00 86&nbsp;<\/strong><\/p>\n\n\n\n<blockquote class=\"wp-block-quote is-layout-flow wp-block-quote-is-layout-flow\">\n<p><\/p>\n<\/blockquote>\n\n\n\n<blockquote class=\"wp-block-quote is-layout-flow wp-block-quote-is-layout-flow\">\n<p><\/p>\n<\/blockquote>\n","protected":false},"excerpt":{"rendered":"<p>Le blog papy-mamy-cetait-comment.fr est un blog personnel de Paul Paboeuf pour accompagner un atelier d&rsquo;anthropologie familiale pratique, inspir\u00e9 des travaux d&rsquo;Elizabeth Keating (professeur d&rsquo;anthropologie \u00e0 l&rsquo;Universit\u00e9 du Texas \u00e0 Austin) et d&rsquo;Elsa Ramos (ma\u00eetresse de conf\u00e9rence \u00e0 l&rsquo;universit\u00e9 de Paris Cit\u00e9) Toute publication engage sa responsabilit\u00e9 personnelle. Les contributions aux forums seront donc soumises \u00e0 &hellip; <\/p>\n<p class=\"link-more\"><a href=\"https:\/\/www.papy-mamy-cetait-comment.fr\/index.php\/mentions-legales\/\" class=\"more-link\">Continuer la lecture<span class=\"screen-reader-text\"> de &laquo;&nbsp;Mentions l\u00e9gales&nbsp;&raquo;<\/span><\/a><\/p>\n","protected":false},"author":1,"featured_media":0,"parent":0,"menu_order":0,"comment_status":"closed","ping_status":"open","template":"","meta":{"footnotes":""},"class_list":["post-2","page","type-page","status-publish","hentry"],"_links":{"self":[{"href":"https:\/\/www.papy-mamy-cetait-comment.fr\/index.php\/wp-json\/wp\/v2\/pages\/2","targetHints":{"allow":["GET"]}}],"collection":[{"href":"https:\/\/www.papy-mamy-cetait-comment.fr\/index.php\/wp-json\/wp\/v2\/pages"}],"about":[{"href":"https:\/\/www.papy-mamy-cetait-comment.fr\/index.php\/wp-json\/wp\/v2\/types\/page"}],"author":[{"embeddable":true,"href":"https:\/\/www.papy-mamy-cetait-comment.fr\/index.php\/wp-json\/wp\/v2\/users\/1"}],"replies":[{"embeddable":true,"href":"https:\/\/www.papy-mamy-cetait-comment.fr\/index.php\/wp-json\/wp\/v2\/comments?post=2"}],"version-history":[{"count":3,"href":"https:\/\/www.papy-mamy-cetait-comment.fr\/index.php\/wp-json\/wp\/v2\/pages\/2\/revisions"}],"predecessor-version":[{"id":69,"href":"https:\/\/www.papy-mamy-cetait-comment.fr\/index.php\/wp-json\/wp\/v2\/pages\/2\/revisions\/69"}],"wp:attachment":[{"href":"https:\/\/www.papy-mamy-cetait-comment.fr\/index.php\/wp-json\/wp\/v2\/media?parent=2"}],"curies":[{"name":"wp","href":"https:\/\/api.w.org\/{rel}","templated":true}]}}